{"id":2,"date":"2017-05-02T18:30:40","date_gmt":"2017-05-02T16:30:40","guid":{"rendered":"http:\/\/cdn-pva.org\/?page_id=2"},"modified":"2023-09-13T23:52:44","modified_gmt":"2023-09-13T21:52:44","slug":"page-d-exemple","status":"publish","type":"page","link":"https:\/\/cdn-pva.org\/?page_id=2","title":{"rendered":"Activit\u00e9s"},"content":{"rendered":"\n<div class=\"wp-block-buttons is-layout-flex wp-block-buttons-is-layout-flex\"><\/div>\n\n\n\n<div class=\"wp-block-columns are-vertically-aligned-center is-layout-flex wp-container-core-columns-layout-2 wp-block-columns-is-layout-flex\">\n<div class=\"wp-block-column is-vertically-aligned-center is-layout-flow wp-block-column-is-layout-flow\" style=\"flex-basis:100%\">\n<div class=\"wp-block-columns is-layout-flex wp-container-core-columns-layout-1 wp-block-columns-is-layout-flex\">\n<div class=\"wp-block-column is-layout-flow wp-block-column-is-layout-flow\" style=\"flex-basis:100%\">\n<p>Les activit\u00e9s propos\u00e9es par le Cercle des nageurs:<\/p>\n<ul>\n<li><span style=\"color: #000000; background-color: #8fa64c;\">Aqualudique 4\/5 ou 5\/6ans<\/span><\/li>\n<li><span style=\"color: #000000; background-color: #8fa64c;\">Ecole de natation<\/span><\/li>\n<li><span style=\"color: #000000; background-color: #ccffff;\">Multi activit\u00e9s aquatiques ados 10\/15 ans<\/span><\/li>\n<li><span style=\"color: #000000; background-color: #33cccc;\">Natation ados<\/span><\/li>\n<li><span style=\"color: #000000; background-color: #33cccc;\">Natation adultes<\/span><\/li>\n<li><span style=\"color: #000000; background-color: #33cccc;\">Aquaphobie et apprentissage adultes<\/span><\/li>\n<li><span style=\"color: #000000; background-color: #ffff99;\">Aquagym<\/span><\/li>\n<li><span style=\"color: #000000; background-color: #ffff99;\">Aqua fitness<\/span><\/li>\n<\/ul>\n<p>Les activit\u00e9s ont lieu \u00e0 la piscine des Monts Colleux, \u00e0 Pl\u00e9neuf-Val-Andr\u00e9:<\/p>\n<p><iframe loading=\"lazy\" style=\"border: 0;\" src=\"https:\/\/www.google.com\/maps\/embed?pb=!1m10!1m8!1m3!1d2639.09197842033!2d-2.5512365!3d48.5889377!3m2!1i1024!2i768!4f13.1!5e0!3m2!1sen!2sfr!4v1496939662893\" width=\"600\" height=\"450\" frameborder=\"0\" allowfullscreen=\"allowfullscreen\"><\/iframe><\/p>\n<\/div>\n<\/div>\n<\/div>\n<\/div>\n","protected":false},"excerpt":{"rendered":"<p>Les activit\u00e9s propos\u00e9es par le Cercle des nageurs: Aqualudique 4\/5 ou 5\/6ans Ecole de natation Multi activit\u00e9s aquatiques ados 10\/15 ans Natation ados Natation adultes Aquaphobie et apprentissage adultes Aquagym Aqua fitness Les activit\u00e9s ont lieu \u00e0 la piscine des Monts Colleux, \u00e0 Pl\u00e9neuf-Val-Andr\u00e9:<\/p>\n","protected":false},"author":1,"featured_media":0,"parent":0,"menu_order":2,"comment_status":"closed","ping_status":"open","template":"","meta":{"footnotes":""},"_links":{"self":[{"href":"https:\/\/cdn-pva.org\/index.php?rest_route=\/wp\/v2\/pages\/2"}],"collection":[{"href":"https:\/\/cdn-pva.org\/index.php?rest_route=\/wp\/v2\/pages"}],"about":[{"href":"https:\/\/cdn-pva.org\/index.php?rest_route=\/wp\/v2\/types\/page"}],"author":[{"embeddable":true,"href":"https:\/\/cdn-pva.org\/index.php?rest_route=\/wp\/v2\/users\/1"}],"replies":[{"embeddable":true,"href":"https:\/\/cdn-pva.org\/index.php?rest_route=%2Fwp%2Fv2%2Fcomments&post=2"}],"version-history":[{"count":19,"href":"https:\/\/cdn-pva.org\/index.php?rest_route=\/wp\/v2\/pages\/2\/revisions"}],"predecessor-version":[{"id":702,"href":"https:\/\/cdn-pva.org\/index.php?rest_route=\/wp\/v2\/pages\/2\/revisions\/702"}],"wp:attachment":[{"href":"https:\/\/cdn-pva.org\/index.php?rest_route=%2Fwp%2Fv2%2Fmedia&parent=2"}],"curies":[{"name":"wp","href":"https:\/\/api.w.org\/{rel}","templated":true}]}}